{"id":4433,"date":"2022-06-14T16:33:49","date_gmt":"2022-06-23T23:06:39","guid":{"rendered":"https:\/\/bourandber.com\/pruebas\/producto\/box-with-540-pieces-black-synthetic-cork-for-mezcal-bottle\/"},"modified":"2022-06-23T18:06:39","modified_gmt":"2022-06-23T23:06:39","slug":"box-with-540-pieces-black-synthetic-cork-for-mezcal-bottle","status":"publish","type":"product","link":"https:\/\/bourandber.com\/en\/product\/box-with-540-pieces-black-synthetic-cork-for-mezcal-bottle\/","title":{"rendered":"Box with 540 pieces Black Synthetic Cork for mezcal bottle"},"content":{"rendered":"<p>Los corchos sint\u00e9ticos est\u00e1n hechos de pol\u00edmeros de primera calidad, el interior est\u00e1 lleno de un material termopl\u00e1stico que tiene cualidades el\u00e1sticas, esto permite al corcho sint\u00e9tico tapar, pero conservando su forma, como un corcho natural.<br \/>\nLa capa exterior est\u00e1 hecha de un pl\u00e1stico s\u00f3lido que se dobla f\u00e1cilmente, tanto como lo har\u00eda el caucho.<\/p>\n","protected":false},"excerpt":{"rendered":"<p>Tap\u00f3n tipo T de madera con corcho sint\u00e9tico Color Negro, tiene un Diametro de 3cm, un Lago de 3.8cm y un Ancho de 1.9cm, entra a presi\u00f3n manual no requiere encorchadora Ideal para botellas desde 250 ml a 1 litro<\/p>\n","protected":false},"featured_media":4221,"template":"","meta":[],"product_cat":[123,122],"product_tag":[127],"yoast_head":"<!-- This site is optimized with the Yoast SEO plugin v19.8 - https:\/\/yoast.com\/wordpress\/plugins\/seo\/ -->\n<title>Box with 540 pieces Black Synthetic Cork for mezcal bottle - Bour and Ber International<\/title>\n<meta name=\"robots\" content=\"noindex, follow\" \/>\n<meta property=\"og:locale\" content=\"en_US\" \/>\n<meta property=\"og:type\" content=\"article\" \/>\n<meta property=\"og:title\" content=\"Box with 540 pieces Black Synthetic Cork for mezcal bottle - Bour and Ber International\" \/>\n<meta property=\"og:description\" content=\"Tap\u00f3n tipo T de madera con corcho sint\u00e9tico Color Negro, tiene un Diametro de 3cm, un Lago de 3.8cm y un Ancho de 1.9cm, entra a presi\u00f3n manual no requiere encorchadora Ideal para botellas desde 250 ml a 1 litro\" \/>\n<meta property=\"og:url\" content=\"https:\/\/bourandber.com\/en\/product\/box-with-540-pieces-black-synthetic-cork-for-mezcal-bottle\/\" \/>\n<meta property=\"og:site_name\" content=\"Bour and Ber International\" \/>\n<meta property=\"og:image\" content=\"https:\/\/bourandber.com\/wp-content\/uploads\/2022\/06\/BBQR-CORCHOSINNGR.jpg\" \/>\n\t<meta property=\"og:image:width\" content=\"1200\" \/>\n\t<meta property=\"og:image:height\" content=\"1200\" \/>\n\t<meta property=\"og:image:type\" content=\"image\/jpeg\" \/>\n<meta name=\"twitter:card\" content=\"summary_large_image\" \/>\n<script type=\"application\/ld+json\" class=\"yoast-schema-graph\">{\"@context\":\"https:\/\/schema.org\",\"@graph\":[{\"@type\":\"WebPage\",\"@id\":\"https:\/\/bourandber.com\/en\/product\/box-with-540-pieces-black-synthetic-cork-for-mezcal-bottle\/\",\"url\":\"https:\/\/bourandber.com\/en\/product\/box-with-540-pieces-black-synthetic-cork-for-mezcal-bottle\/\",\"name\":\"Box with 540 pieces Black Synthetic Cork for mezcal bottle - Bour and Ber International\",\"isPartOf\":{\"@id\":\"https:\/\/bourandber.com\/#website\"},\"datePublished\":\"2022-06-23T23:06:39+00:00\",\"dateModified\":\"2022-06-23T23:06:39+00:00\",\"breadcrumb\":{\"@id\":\"https:\/\/bourandber.com\/en\/product\/box-with-540-pieces-black-synthetic-cork-for-mezcal-bottle\/#breadcrumb\"},\"inLanguage\":\"en-US\",\"potentialAction\":[{\"@type\":\"ReadAction\",\"target\":[\"https:\/\/bourandber.com\/en\/product\/box-with-540-pieces-black-synthetic-cork-for-mezcal-bottle\/\"]}]},{\"@type\":\"BreadcrumbList\",\"@id\":\"https:\/\/bourandber.com\/en\/product\/box-with-540-pieces-black-synthetic-cork-for-mezcal-bottle\/#breadcrumb\",\"itemListElement\":[{\"@type\":\"ListItem\",\"position\":1,\"name\":\"Portada\",\"item\":\"https:\/\/bourandber.com\/en\/\"},{\"@type\":\"ListItem\",\"position\":2,\"name\":\"Box with 540 pieces Black Synthetic Cork for mezcal bottle\"}]},{\"@type\":\"WebSite\",\"@id\":\"https:\/\/bourandber.com\/#website\",\"url\":\"https:\/\/bourandber.com\/\",\"name\":\"Bour and Ber International\",\"description\":\"Llevamos tu producto de la mano\",\"publisher\":{\"@id\":\"https:\/\/bourandber.com\/#organization\"},\"potentialAction\":[{\"@type\":\"SearchAction\",\"target\":{\"@type\":\"EntryPoint\",\"urlTemplate\":\"https:\/\/bourandber.com\/?s={search_term_string}\"},\"query-input\":\"required name=search_term_string\"}],\"inLanguage\":\"en-US\"},{\"@type\":\"Organization\",\"@id\":\"https:\/\/bourandber.com\/#organization\",\"name\":\"Bour and Ber International\",\"url\":\"https:\/\/bourandber.com\/\",\"sameAs\":[],\"logo\":{\"@type\":\"ImageObject\",\"inLanguage\":\"en-US\",\"@id\":\"https:\/\/bourandber.com\/#\/schema\/logo\/image\/\",\"url\":\"https:\/\/bourandber.com\/wp-content\/uploads\/2020\/10\/logo.png\",\"contentUrl\":\"https:\/\/bourandber.com\/wp-content\/uploads\/2020\/10\/logo.png\",\"width\":183,\"height\":48,\"caption\":\"Bour and Ber International\"},\"image\":{\"@id\":\"https:\/\/bourandber.com\/#\/schema\/logo\/image\/\"}}]}<\/script>\n<!-- \/ Yoast SEO plugin. -->","yoast_head_json":{"title":"Box with 540 pieces Black Synthetic Cork for mezcal bottle - Bour and Ber International","robots":{"index":"noindex","follow":"follow"},"og_locale":"en_US","og_type":"article","og_title":"Box with 540 pieces Black Synthetic Cork for mezcal bottle - Bour and Ber International","og_description":"Tap\u00f3n tipo T de madera con corcho sint\u00e9tico Color Negro, tiene un Diametro de 3cm, un Lago de 3.8cm y un Ancho de 1.9cm, entra a presi\u00f3n manual no requiere encorchadora Ideal para botellas desde 250 ml a 1 litro","og_url":"https:\/\/bourandber.com\/en\/product\/box-with-540-pieces-black-synthetic-cork-for-mezcal-bottle\/","og_site_name":"Bour and Ber International","og_image":[{"width":1200,"height":1200,"url":"https:\/\/bourandber.com\/wp-content\/uploads\/2022\/06\/BBQR-CORCHOSINNGR.jpg","type":"image\/jpeg"}],"twitter_card":"summary_large_image","schema":{"@context":"https:\/\/schema.org","@graph":[{"@type":"WebPage","@id":"https:\/\/bourandber.com\/en\/product\/box-with-540-pieces-black-synthetic-cork-for-mezcal-bottle\/","url":"https:\/\/bourandber.com\/en\/product\/box-with-540-pieces-black-synthetic-cork-for-mezcal-bottle\/","name":"Box with 540 pieces Black Synthetic Cork for mezcal bottle - Bour and Ber International","isPartOf":{"@id":"https:\/\/bourandber.com\/#website"},"datePublished":"2022-06-23T23:06:39+00:00","dateModified":"2022-06-23T23:06:39+00:00","breadcrumb":{"@id":"https:\/\/bourandber.com\/en\/product\/box-with-540-pieces-black-synthetic-cork-for-mezcal-bottle\/#breadcrumb"},"inLanguage":"en-US","potentialAction":[{"@type":"ReadAction","target":["https:\/\/bourandber.com\/en\/product\/box-with-540-pieces-black-synthetic-cork-for-mezcal-bottle\/"]}]},{"@type":"BreadcrumbList","@id":"https:\/\/bourandber.com\/en\/product\/box-with-540-pieces-black-synthetic-cork-for-mezcal-bottle\/#breadcrumb","itemListElement":[{"@type":"ListItem","position":1,"name":"Portada","item":"https:\/\/bourandber.com\/en\/"},{"@type":"ListItem","position":2,"name":"Box with 540 pieces Black Synthetic Cork for mezcal bottle"}]},{"@type":"WebSite","@id":"https:\/\/bourandber.com\/#website","url":"https:\/\/bourandber.com\/","name":"Bour and Ber International","description":"Llevamos tu producto de la mano","publisher":{"@id":"https:\/\/bourandber.com\/#organization"},"potentialAction":[{"@type":"SearchAction","target":{"@type":"EntryPoint","urlTemplate":"https:\/\/bourandber.com\/?s={search_term_string}"},"query-input":"required name=search_term_string"}],"inLanguage":"en-US"},{"@type":"Organization","@id":"https:\/\/bourandber.com\/#organization","name":"Bour and Ber International","url":"https:\/\/bourandber.com\/","sameAs":[],"logo":{"@type":"ImageObject","inLanguage":"en-US","@id":"https:\/\/bourandber.com\/#\/schema\/logo\/image\/","url":"https:\/\/bourandber.com\/wp-content\/uploads\/2020\/10\/logo.png","contentUrl":"https:\/\/bourandber.com\/wp-content\/uploads\/2020\/10\/logo.png","width":183,"height":48,"caption":"Bour and Ber International"},"image":{"@id":"https:\/\/bourandber.com\/#\/schema\/logo\/image\/"}}]}},"_links":{"self":[{"href":"https:\/\/bourandber.com\/en\/wp-json\/wp\/v2\/product\/4433"}],"collection":[{"href":"https:\/\/bourandber.com\/en\/wp-json\/wp\/v2\/product"}],"about":[{"href":"https:\/\/bourandber.com\/en\/wp-json\/wp\/v2\/types\/product"}],"wp:featuredmedia":[{"embeddable":true,"href":"https:\/\/bourandber.com\/en\/wp-json\/wp\/v2\/media\/4221"}],"wp:attachment":[{"href":"https:\/\/bourandber.com\/en\/wp-json\/wp\/v2\/media?parent=4433"}],"wp:term":[{"taxonomy":"product_cat","embeddable":true,"href":"https:\/\/bourandber.com\/en\/wp-json\/wp\/v2\/product_cat?post=4433"},{"taxonomy":"product_tag","embeddable":true,"href":"https:\/\/bourandber.com\/en\/wp-json\/wp\/v2\/product_tag?post=4433"}],"curies":[{"name":"wp","href":"https:\/\/api.w.org\/{rel}","templated":true}]}}